{"id":469,"date":"2018-09-10T09:00:47","date_gmt":"2018-09-10T09:00:47","guid":{"rendered":"http:\/\/setsail.select-themes.com\/?page_id=469"},"modified":"2022-03-16T01:02:08","modified_gmt":"2022-03-16T04:02:08","slug":"about-us","status":"publish","type":"page","link":"https:\/\/delbianco.com.br\/en\/about-us\/","title":{"rendered":"About Us"},"content":{"rendered":"<p>[vc_row content_placement=&#8221;top&#8221; row_content_width=&#8221;grid&#8221;][vc_column offset=&#8221;vc_col-lg-offset-0 vc_col-lg-5 vc_col-md-offset-0 vc_col-md-10 vc_col-sm-offset-0 vc_col-xs-12&#8243;]<div class=\"qodef-elements-holder   qodef-one-column  qodef-responsive-mode-768 \" ><div class=\"qodef-eh-item    \"  data-item-class=\"qodef-eh-custom-5565\" data-1367-1600=\"125px 0px 0 104px\" data-1025-1366=\"125px 0px 0 23px\" data-769-1024=\"0px 0px 170px 0px\" data-681-768=\"0px 0px 170px 0px\" data-680=\"0px 0px 170px 0px\">\r\n\t<div class=\"qodef-eh-item-inner\">\r\n\t\t<div class=\"qodef-eh-item-content qodef-eh-custom-5565\" style=\"padding: 125px 0px 0 40px\">\r\n\t\t\t[vc_single_image image=&#8221;5391&#8243; img_size=&#8221;full&#8221;]\t\t<\/div>\r\n\t<\/div>\r\n<\/div><\/div>[\/vc_column][vc_column offset=&#8221;vc_col-lg-offset-0 vc_col-lg-7 vc_col-md-offset-0 vc_col-md-10 vc_col-sm-offset-0&#8243; css=&#8221;.vc_custom_1635383719175{margin-top: -40px !important;}&#8221;]<div class=\"qodef-elements-holder   qodef-one-column  qodef-responsive-mode-768 \" ><div class=\"qodef-eh-item    \"  data-item-class=\"qodef-eh-custom-1169\" data-1367-1600=\"155px 0px 170px\" data-1025-1366=\"155px 0px 170px\" data-769-1024=\"155px 0px 80px\" data-681-768=\"155px 0px 80px\" data-680=\"161px 0px 80px\">\r\n\t<div class=\"qodef-eh-item-inner\">\r\n\t\t<div class=\"qodef-eh-item-content qodef-eh-custom-1169\" style=\"padding: 155px 0 170px 0\">\r\n\t\t\t<div class=\"qodef-section-title-holder \" >\r\n\t<div class=\"qodef-st-inner\">\r\n\t\t\t\t\t\t\t<h2 class=\"qodef-st-title\" >\r\n\t\t\t\tWhy Del Bianco\t\t\t<\/h2>\r\n\t\t\t\t\t<\/div>\r\n<\/div>[vc_empty_space height=&#8221;13px&#8221;][vc_column_text]We are proud to have lived great adventures over the course of these many years!!<\/p>\n<p>We experienced major events such as the World Cup, the Olympic Games, the 28<sup>th<\/sup> World Youth Day, plus many Carnival celebrations!!!<\/p>\n<p>And here we are today, resisting a pandemic, because we believe in our mission, which is to allow the traveler experience our country and be happy in Brazil, so rich in nature and culture!<\/p>\n<p>Our aim is to promote an inclusive and sustainable tourism.<\/p>\n<p>Provide through tourism, an awareness of how important it is to preserve our natural wealth and our culture.<\/p>\n<p>We love Brazil!<\/p>\n<p>We love to imagine the customized experiences we will offer in every program requested![\/vc_column_text]\t\t<\/div>\r\n\t<\/div>\r\n<\/div><\/div>[\/vc_column][\/vc_row][vc_row content_placement=&#8221;top&#8221; row_content_width=&#8221;grid&#8221; css=&#8221;.vc_custom_1643603307149{margin-top: -200px !important;}&#8221;][vc_column offset=&#8221;vc_col-lg-offset-0 vc_col-lg-7 vc_col-md-offset-0 vc_col-md-10 vc_col-sm-offset-0&#8243;]<div class=\"qodef-elements-holder   qodef-one-column  qodef-responsive-mode-768 \" ><div class=\"qodef-eh-item    \"  data-item-class=\"qodef-eh-custom-4704\" data-1367-1600=\"155px 0px 170px\" data-1025-1366=\"155px 0px 170px\" data-769-1024=\"155px 0px 80px\" data-681-768=\"155px 0px 80px\" data-680=\"161px 0px 80px\">\r\n\t<div class=\"qodef-eh-item-inner\">\r\n\t\t<div class=\"qodef-eh-item-content qodef-eh-custom-4704\" style=\"padding: 155px 0 170px 0\">\r\n\t\t\t<div class=\"qodef-section-title-holder \" >\r\n\t<div class=\"qodef-st-inner\">\r\n\t\t\t\t\t\t\t<h2 class=\"qodef-st-title\" >\r\n\t\t\t\tOur History\t\t\t<\/h2>\r\n\t\t\t\t\t<\/div>\r\n<\/div>[vc_empty_space height=&#8221;13px&#8221;][vc_column_text]<span style=\"font-weight: 400;\">Founded in Rio de Janeiro, in 1994, Del Bianco is as a result of the joining efforts of experienced and dynamic professionals. At the very beginning, <\/span><span style=\"font-weight: 400;\">Claudio and Denise<\/span><span style=\"font-weight: 400;\">\u00a0 combined their enthusiastic of years working as tour guides in the city, founding a company to design authentic and exciting travel programs in Brazil.\u00a0<\/span><\/p>\n<p><span style=\"font-weight: 400;\">Two years later, Sidney e Roberta joined the organization bringing his creativeness and knowledge in the operations and productivity.\u00a0<\/span><\/p>\n<p><span style=\"font-weight: 400;\">Over the years, the portfolio increased with tailor-made programs to more countries of Latin America and other exotic destination, as Middle East countries, were we can operate with knowledgeable and facility .<\/span><\/p>\n<p><span style=\"font-weight: 400;\">Thanks to our partners for the commitment of the company to a high quality of services and the attention to detail in every operation, Del Bianco has conquered for many\u00a0 years of success and confidence.<\/span>[\/vc_column_text]\t\t<\/div>\r\n\t<\/div>\r\n<\/div><\/div>[\/vc_column][vc_column offset=&#8221;vc_col-lg-offset-0 vc_col-lg-5 vc_col-md-offset-0 vc_col-md-10 vc_col-sm-offset-0 vc_col-xs-12&#8243;]<div class=\"qodef-elements-holder   qodef-one-column  qodef-responsive-mode-768 \" ><div class=\"qodef-eh-item    \"  data-item-class=\"qodef-eh-custom-4781\" data-1367-1600=\"125px 0px 0 104px\" data-1025-1366=\"125px 0px 0 23px\" data-769-1024=\"0px 0px 170px 0px\" data-681-768=\"0px 0px 170px 0px\" data-680=\"0px 0px 170px 0px\">\r\n\t<div class=\"qodef-eh-item-inner\">\r\n\t\t<div class=\"qodef-eh-item-content qodef-eh-custom-4781\" style=\"padding: 125px 0px 0 40px\">\r\n\t\t\t[vc_single_image image=&#8221;5383&#8243; img_size=&#8221;full&#8221;]\t\t<\/div>\r\n\t<\/div>\r\n<\/div><\/div>[\/vc_column][\/vc_row][vc_row row_content_width=&#8221;grid&#8221; css=&#8221;.vc_custom_1645493604034{padding-bottom: 30px !important;}&#8221;][vc_column width=&#8221;1\/3&#8243;]<div class=\"qodef-section-title-holder \" >\r\n\t<div class=\"qodef-st-inner\">\r\n\t\t\t\t\t\t\t<h2 class=\"qodef-st-title\" >\r\n\t\t\t\tOur Mission\t\t\t<\/h2>\r\n\t\t\t\t\t<\/div>\r\n<\/div>[vc_empty_space height=&#8221;13px&#8221;][vc_column_text]<span style=\"font-weight: 400;\">Promoting Brazil as a tourist destination worldwide, offering quality services that enhance its beauty and collaborate with the development and well-being of its population.<\/span>[\/vc_column_text][\/vc_column][vc_column width=&#8221;1\/3&#8243;]<div class=\"qodef-section-title-holder \" >\r\n\t<div class=\"qodef-st-inner\">\r\n\t\t\t\t\t\t\t<h2 class=\"qodef-st-title\" >\r\n\t\t\t\tOur Vision\t\t\t<\/h2>\r\n\t\t\t\t\t<\/div>\r\n<\/div>[vc_empty_space height=&#8221;13px&#8221;][vc_column_text]<span style=\"font-weight: 400;\">To offer services with excellence in Brazil, being recognized as the best incoming operator in the country.<\/span>[\/vc_column_text][\/vc_column][vc_column width=&#8221;1\/3&#8243;]<div class=\"qodef-section-title-holder \" >\r\n\t<div class=\"qodef-st-inner\">\r\n\t\t\t\t\t\t\t<h2 class=\"qodef-st-title\" >\r\n\t\t\t\tOur Values\t\t\t<\/h2>\r\n\t\t\t\t\t<\/div>\r\n<\/div>[vc_empty_space height=&#8221;13px&#8221;][vc_column_text]<span style=\"font-weight: 400;\">Commitment to customer satisfaction; integrity; team work; respect to employees and suppliers; dedication; innovation; community support.<\/span>[\/vc_column_text][\/vc_column][\/vc_row][vc_row content_placement=&#8221;top&#8221; row_content_width=&#8221;grid&#8221;][vc_column offset=&#8221;vc_col-lg-offset-0 vc_col-lg-5 vc_col-md-offset-0 vc_col-md-10 vc_col-sm-offset-0 vc_col-xs-12&#8243;]<div class=\"qodef-elements-holder   qodef-one-column  qodef-responsive-mode-768 \" ><div class=\"qodef-eh-item    \"  data-item-class=\"qodef-eh-custom-4700\" data-1367-1600=\"125px 0px 0 104px\" data-1025-1366=\"125px 0px 0 23px\" data-769-1024=\"0px 0px 170px 0px\" data-681-768=\"0px 0px 170px 0px\" data-680=\"0px 0px 170px 0px\">\r\n\t<div class=\"qodef-eh-item-inner\">\r\n\t\t<div class=\"qodef-eh-item-content qodef-eh-custom-4700\" style=\"padding: 125px 0px 0 40px\">\r\n\t\t\t[vc_single_image image=&#8221;5899&#8243; img_size=&#8221;full&#8221;][vc_empty_space height=&#8221;45px&#8221;]\t\t<\/div>\r\n\t<\/div>\r\n<\/div><\/div>[\/vc_column][vc_column offset=&#8221;vc_col-lg-offset-0 vc_col-lg-7 vc_col-md-offset-0 vc_col-md-10 vc_col-sm-offset-0&#8243; css=&#8221;.vc_custom_1635383719175{margin-top: -40px !important;}&#8221;]<div class=\"qodef-elements-holder   qodef-one-column  qodef-responsive-mode-768 \" ><div class=\"qodef-eh-item    \"  data-item-class=\"qodef-eh-custom-2433\" data-1367-1600=\"155px 0px 170px\" data-1025-1366=\"155px 0px 170px\" data-769-1024=\"155px 0px 80px\" data-681-768=\"155px 0px 80px\" data-680=\"161px 0px 80px\">\r\n\t<div class=\"qodef-eh-item-inner\">\r\n\t\t<div class=\"qodef-eh-item-content qodef-eh-custom-2433\" style=\"padding: 155px 0 170px 0\">\r\n\t\t\t<div class=\"qodef-section-title-holder \" >\r\n\t<div class=\"qodef-st-inner\">\r\n\t\t\t\t\t\t\t<h2 class=\"qodef-st-title\" >\r\n\t\t\t\tDB Team\t\t\t<\/h2>\r\n\t\t\t\t\t<\/div>\r\n<\/div>[vc_empty_space height=&#8221;13px&#8221;][vc_column_text]Celebrating our 25th anniversary in 2019.<\/p>\n<p>Our very professional team offers a warm welcome and total dedication.[\/vc_column_text]\t\t<\/div>\r\n\t<\/div>\r\n<\/div><\/div>[\/vc_column][\/vc_row][vc_row disable_element=&#8221;yes&#8221; row_content_width=&#8221;grid&#8221; css=&#8221;.vc_custom_1643757817035{padding-bottom: 124px !important;}&#8221;][vc_column]<div class=\"qodef-testimonials-holder clearfix \">\r\n\t<div class=\"qodef-testimonials qodef-owl-slider\" data-number-of-items=\"1\" data-enable-loop=\"yes\" data-enable-autoplay=\"yes\" data-slider-speed=\"5000\" data-slider-speed-animation=\"600\" data-enable-navigation=\"yes\" data-enable-pagination=\"no\">\r\n\t\t\t\t\t\t<div class=\"qodef-testimonial-content\">\r\n\t\t\t\t\t\t\t\t\t\t\t\t\t\t\t\t<span class=\"qodef-testimonial-text\">&quot;Operadora Top, confi\u00e1vel e segura! Atendimento diferenciado, pre\u00e7os excelentes e experi\u00eancias \u00fanicas. A empresa realmente domina o que faz, entende o cliente quer e surpreende! Recomendo a toda hora! Satisfa\u00e7\u00e3o garantida! \ud83d\udc4f\ud83c\udffb&quot;<\/span>\r\n\t\t\t\t\t\t\t\t\t\t\t\t\t\t\t\t<span class=\"qodef-testimonial-author\">Priscila Chaves | Golden Tours<\/span>\r\n\t\t\t\t\t\t\t\t\t<\/div>\r\n\t\t\t\t\t\t\t<div class=\"qodef-testimonial-content\">\r\n\t\t\t\t\t\t\t\t\t\t\t\t\t\t\t\t<span class=\"qodef-testimonial-text\">&quot;I have worked with Del Bianco for over 10 years now and have from the outset they have been a delight to deal with. They are very responsive to emails and enquiries and go that extra mile to look after clients while they are travelling, acting swiftly to resolve any issues.  I have no hesitation in recommending them and their fabulous team.&quot;<\/span>\r\n\t\t\t\t\t\t\t\t\t\t\t\t\t\t\t\t<span class=\"qodef-testimonial-author\">Simon Williams | Humboldt Travel, UK<\/span>\r\n\t\t\t\t\t\t\t\t\t<\/div>\r\n\t\t\t\t<\/div>\r\n<\/div>[\/vc_column][\/vc_row]<\/p>\n","protected":false},"excerpt":{"rendered":"<p>[vc_row content_placement=&#8221;top&#8221; row_content_width=&#8221;grid&#8221;][vc_column offset=&#8221;vc_col-lg-offset-0 vc_col-lg-5 vc_col-md-offset-0 vc_col-md-10 vc_col-sm-offset-0 vc_col-xs-12&#8243;][\/vc_column][vc_column offset=&#8221;vc_col-lg-offset-0 vc_col-lg-7 vc_col-md-offset-0 vc_col-md-10 vc_col-sm-offset-0&#8243; css=&#8221;.vc_custom_1635383719175{margin-top: -40px !important;}&#8221;][\/vc_column][\/vc_row][vc_row content_placement=&#8221;top&#8221; row_content_width=&#8221;grid&#8221; css=&#8221;.vc_custom_1643603307149{margin-top: -200px !important;}&#8221;][vc_column offset=&#8221;vc_col-lg-offset-0 vc_col-lg-7 vc_col-md-offset-0 vc_col-md-10 vc_col-sm-offset-0&#8243;][\/vc_column][vc_column offset=&#8221;vc_col-lg-offset-0 vc_col-lg-5 vc_col-md-offset-0 vc_col-md-10 vc_col-sm-offset-0 vc_col-xs-12&#8243;][\/vc_column][\/vc_row][vc_row row_content_width=&#8221;grid&#8221; css=&#8221;.vc_custom_1645493604034{padding-bottom: 30px !important;}&#8221;][vc_column width=&#8221;1\/3&#8243;][vc_empty_space height=&#8221;13px&#8221;][vc_column_text]Promoting Brazil [&hellip;]<\/p>\n","protected":false},"author":1,"featured_media":0,"parent":0,"menu_order":0,"comment_status":"closed","ping_status":"closed","template":"full-width.php","meta":{"footnotes":""},"class_list":["post-469","page","type-page","status-publish","hentry"],"_links":{"self":[{"href":"https:\/\/delbianco.com.br\/en\/wp-json\/wp\/v2\/pages\/469","targetHints":{"allow":["GET"]}}],"collection":[{"href":"https:\/\/delbianco.com.br\/en\/wp-json\/wp\/v2\/pages"}],"about":[{"href":"https:\/\/delbianco.com.br\/en\/wp-json\/wp\/v2\/types\/page"}],"author":[{"embeddable":true,"href":"https:\/\/delbianco.com.br\/en\/wp-json\/wp\/v2\/users\/1"}],"replies":[{"embeddable":true,"href":"https:\/\/delbianco.com.br\/en\/wp-json\/wp\/v2\/comments?post=469"}],"version-history":[{"count":41,"href":"https:\/\/delbianco.com.br\/en\/wp-json\/wp\/v2\/pages\/469\/revisions"}],"predecessor-version":[{"id":5967,"href":"https:\/\/delbianco.com.br\/en\/wp-json\/wp\/v2\/pages\/469\/revisions\/5967"}],"wp:attachment":[{"href":"https:\/\/delbianco.com.br\/en\/wp-json\/wp\/v2\/media?parent=469"}],"curies":[{"name":"wp","href":"https:\/\/api.w.org\/{rel}","templated":true}]}}